{"id":2022,"date":"2022-11-23T09:42:07","date_gmt":"2022-11-23T08:42:07","guid":{"rendered":"https:\/\/www.quickontrip.com\/novosti\/"},"modified":"2023-03-22T13:59:48","modified_gmt":"2023-03-22T12:59:48","slug":"explore","status":"publish","type":"page","link":"https:\/\/www.quickontrip.com\/en\/explore\/","title":{"rendered":"Explore"},"content":{"rendered":"","protected":false},"excerpt":{"rendered":"","protected":false},"author":5,"featured_media":2747,"parent":0,"menu_order":0,"comment_status":"closed","ping_status":"closed","template":"templates\/news.php","meta":[],"yoast_head":"<!-- This site is optimized with the Yoast SEO plugin v17.2.1 - https:\/\/yoast.com\/wordpress\/plugins\/seo\/ -->\n<title>Explore - Quickontrip<\/title>\n<meta name=\"robots\" content=\"index, follow, max-snippet:-1, max-image-preview:large, max-video-preview:-1\" \/>\n<link rel=\"canonical\" href=\"https:\/\/www.quickontrip.com\/en\/explore\/\" \/>\n<meta property=\"og:locale\" content=\"en_US\" \/>\n<meta property=\"og:type\" content=\"article\" \/>\n<meta property=\"og:title\" content=\"Explore - Quickontrip\" \/>\n<meta property=\"og:url\" content=\"https:\/\/www.quickontrip.com\/en\/explore\/\" \/>\n<meta property=\"og:site_name\" content=\"Quickontrip\" \/>\n<meta property=\"article:modified_time\" content=\"2023-03-22T12:59:48+00:00\" \/>\n<meta name=\"twitter:card\" content=\"summary_large_image\" \/>\n<script type=\"application\/ld+json\" class=\"yoast-schema-graph\">{\"@context\":\"https:\/\/schema.org\",\"@graph\":[{\"@type\":\"WebSite\",\"@id\":\"https:\/\/www.quickontrip.com\/#website\",\"url\":\"https:\/\/www.quickontrip.com\/\",\"name\":\"Quickontrip\",\"description\":\"\\u0160e eno spleti\\u0161\\u010de WordPress\",\"potentialAction\":[{\"@type\":\"SearchAction\",\"target\":{\"@type\":\"EntryPoint\",\"urlTemplate\":\"https:\/\/www.quickontrip.com\/?s={search_term_string}\"},\"query-input\":\"required name=search_term_string\"}],\"inLanguage\":\"en-US\"},{\"@type\":\"ImageObject\",\"@id\":\"https:\/\/www.quickontrip.com\/en\/explore\/#primaryimage\",\"inLanguage\":\"en-US\",\"url\":\"https:\/\/www.quickontrip.com\/wp-content\/uploads\/2025\/12\/Tabela-izletov-2026-1-e1765182273732.jpg\",\"contentUrl\":\"https:\/\/www.quickontrip.com\/wp-content\/uploads\/2025\/12\/Tabela-izletov-2026-1-e1765182273732.jpg\",\"width\":1754,\"height\":1754},{\"@type\":\"WebPage\",\"@id\":\"https:\/\/www.quickontrip.com\/en\/explore\/#webpage\",\"url\":\"https:\/\/www.quickontrip.com\/en\/explore\/\",\"name\":\"Explore - Quickontrip\",\"isPartOf\":{\"@id\":\"https:\/\/www.quickontrip.com\/#website\"},\"primaryImageOfPage\":{\"@id\":\"https:\/\/www.quickontrip.com\/en\/explore\/#primaryimage\"},\"datePublished\":\"2022-11-23T08:42:07+00:00\",\"dateModified\":\"2023-03-22T12:59:48+00:00\",\"breadcrumb\":{\"@id\":\"https:\/\/www.quickontrip.com\/en\/explore\/#breadcrumb\"},\"inLanguage\":\"en-US\",\"potentialAction\":[{\"@type\":\"ReadAction\",\"target\":[\"https:\/\/www.quickontrip.com\/en\/explore\/\"]}]},{\"@type\":\"BreadcrumbList\",\"@id\":\"https:\/\/www.quickontrip.com\/en\/explore\/#breadcrumb\",\"itemListElement\":[{\"@type\":\"ListItem\",\"position\":1,\"name\":\"Home\",\"item\":\"https:\/\/www.quickontrip.com\/en\/\"},{\"@type\":\"ListItem\",\"position\":2,\"name\":\"Explore\"}]}]}<\/script>\n<!-- \/ Yoast SEO plugin. -->","yoast_head_json":{"title":"Explore - Quickontrip","robots":{"index":"index","follow":"follow","max-snippet":"max-snippet:-1","max-image-preview":"max-image-preview:large","max-video-preview":"max-video-preview:-1"},"canonical":"https:\/\/www.quickontrip.com\/en\/explore\/","og_locale":"en_US","og_type":"article","og_title":"Explore - Quickontrip","og_url":"https:\/\/www.quickontrip.com\/en\/explore\/","og_site_name":"Quickontrip","article_modified_time":"2023-03-22T12:59:48+00:00","twitter_card":"summary_large_image","schema":{"@context":"https:\/\/schema.org","@graph":[{"@type":"WebSite","@id":"https:\/\/www.quickontrip.com\/#website","url":"https:\/\/www.quickontrip.com\/","name":"Quickontrip","description":"\u0160e eno spleti\u0161\u010de WordPress","potentialAction":[{"@type":"SearchAction","target":{"@type":"EntryPoint","urlTemplate":"https:\/\/www.quickontrip.com\/?s={search_term_string}"},"query-input":"required name=search_term_string"}],"inLanguage":"en-US"},{"@type":"ImageObject","@id":"https:\/\/www.quickontrip.com\/en\/explore\/#primaryimage","inLanguage":"en-US","url":"https:\/\/www.quickontrip.com\/wp-content\/uploads\/2025\/12\/Tabela-izletov-2026-1-e1765182273732.jpg","contentUrl":"https:\/\/www.quickontrip.com\/wp-content\/uploads\/2025\/12\/Tabela-izletov-2026-1-e1765182273732.jpg","width":1754,"height":1754},{"@type":"WebPage","@id":"https:\/\/www.quickontrip.com\/en\/explore\/#webpage","url":"https:\/\/www.quickontrip.com\/en\/explore\/","name":"Explore - Quickontrip","isPartOf":{"@id":"https:\/\/www.quickontrip.com\/#website"},"primaryImageOfPage":{"@id":"https:\/\/www.quickontrip.com\/en\/explore\/#primaryimage"},"datePublished":"2022-11-23T08:42:07+00:00","dateModified":"2023-03-22T12:59:48+00:00","breadcrumb":{"@id":"https:\/\/www.quickontrip.com\/en\/explore\/#breadcrumb"},"inLanguage":"en-US","potentialAction":[{"@type":"ReadAction","target":["https:\/\/www.quickontrip.com\/en\/explore\/"]}]},{"@type":"BreadcrumbList","@id":"https:\/\/www.quickontrip.com\/en\/explore\/#breadcrumb","itemListElement":[{"@type":"ListItem","position":1,"name":"Home","item":"https:\/\/www.quickontrip.com\/en\/"},{"@type":"ListItem","position":2,"name":"Explore"}]}]}},"_links":{"self":[{"href":"https:\/\/www.quickontrip.com\/en\/wp-json\/wp\/v2\/pages\/2022"}],"collection":[{"href":"https:\/\/www.quickontrip.com\/en\/wp-json\/wp\/v2\/pages"}],"about":[{"href":"https:\/\/www.quickontrip.com\/en\/wp-json\/wp\/v2\/types\/page"}],"author":[{"embeddable":true,"href":"https:\/\/www.quickontrip.com\/en\/wp-json\/wp\/v2\/users\/5"}],"replies":[{"embeddable":true,"href":"https:\/\/www.quickontrip.com\/en\/wp-json\/wp\/v2\/comments?post=2022"}],"version-history":[{"count":1,"href":"https:\/\/www.quickontrip.com\/en\/wp-json\/wp\/v2\/pages\/2022\/revisions"}],"predecessor-version":[{"id":2023,"href":"https:\/\/www.quickontrip.com\/en\/wp-json\/wp\/v2\/pages\/2022\/revisions\/2023"}],"wp:featuredmedia":[{"embeddable":true,"href":"https:\/\/www.quickontrip.com\/en\/wp-json\/wp\/v2\/media\/2747"}],"wp:attachment":[{"href":"https:\/\/www.quickontrip.com\/en\/wp-json\/wp\/v2\/media?parent=2022"}],"curies":[{"name":"wp","href":"https:\/\/api.w.org\/{rel}","templated":true}]}}