{"id":325,"date":"2021-08-16T10:42:37","date_gmt":"2021-08-16T09:42:37","guid":{"rendered":"https:\/\/www.quickontrip.com\/piskotki\/"},"modified":"2021-10-04T12:08:39","modified_gmt":"2021-10-04T11:08:39","slug":"cookies","status":"publish","type":"page","link":"https:\/\/www.quickontrip.com\/en\/cookies\/","title":{"rendered":"Cookies"},"content":{"rendered":"<p>Cookies are small text files used by websites to improve user experience. They actually enable saving your settings for a particular website, such as title, choice of language etc. Cookies allow the site to display information tailored to your needs. Information may only be stored if you provide your consent\u00a0\u2013 websites cannot gain access to information unless you have approved such access, nor can they access any other files on your computer or your mobile device.<\/p>\n<p>This site uses different types of cookies. The following cookies are used to ensure full website functionality:<\/p>\n<p><strong>Necessary cookies<\/strong><\/p>\n<p>These enable the use of essential components required for correct operation of a website. Without these cookies, the services you wish to use on this website could not function properly (e.g., login, shopping process\u00a0&#8230;).<\/p>\n<p><strong>Analytics\/statistics cookies<\/strong><\/p>\n<p>These are required to track visits to and conduct on our site, which allows us to improve user experience. The collected data does not enable identifying users, and the collected data is only used for statistical purposes. This website uses Google Analytics.<\/p>\n<p><strong>Marketing cookies<\/strong><\/p>\n<p>These cookies collect data on your visits to the website. Such cookies are most commonly used by advertising companies and social networks (third parties) in order to display targeted ads, restrict repeating of the same ads, or to measure the effectiveness of advertising campaigns. Such cookies can enable tracking your actions online. Their purpose is to display ads appropriate for and of interest to individual user.<\/p>\n<p><em><strong>Cookies<\/strong><\/em><\/p>\n<figure class=\"wp-block-table\">\n<table>\n<tbody>\n<tr>\n<td>Cookie name<\/td>\n<td>Servis<\/td>\n<td>Species<\/td>\n<td>Validity<\/td>\n<td>Description<\/td>\n<\/tr>\n<tr>\n<td>&nbsp;<\/td>\n<td>quickontrip.com<\/td>\n<td>Required cookies<\/td>\n<td>1 year<\/td>\n<td>It is used to store user decisions about cookies. The validity of the cookie is determined by the user.<\/td>\n<\/tr>\n<tr>\n<td>&nbsp;<\/td>\n<td>quickontrip.com<\/td>\n<td>Required cookies<\/td>\n<td>&nbsp;<\/td>\n<td>&nbsp;<\/td>\n<\/tr>\n<tr>\n<td>_ga<\/td>\n<td>Google Analytics<\/td>\n<td>Statistics tracking cookies<\/td>\n<td>2 years<\/td>\n<td>Performs a unique identity registration (ID) that is used to generate statistics about how a visitor uses the website.<\/td>\n<\/tr>\n<tr>\n<td>_gat<\/td>\n<td>Google Analytics<\/td>\n<td>Statistics tracking cookies<\/td>\n<td>Session<\/td>\n<td>Google Analytics uses a cookie to manage the number of requests.<\/td>\n<\/tr>\n<tr>\n<td>_gid<\/td>\n<td>Google Analytics<\/td>\n<td>Statistics tracking cookies<\/td>\n<td>Session<\/td>\n<td>Performs a unique identity registration (ID) that is used to generate statistics about how a visitor uses the website.<\/td>\n<\/tr>\n<\/tbody>\n<\/table>\n<\/figure>\n<p><strong>Disabling\/rejecting cookies<\/strong><\/p>\n<p>Most web browsers automatically accept cookies by default. You can also disable or reject cookies in browser settings. For information on cookie settings in particular browsers, please follow the links below:<\/p>\n<p><a href=\"https:\/\/support.google.com\/chrome\/answer\/95647?hl=sl-sl&amp;p=cpn_cookies\">Chrome<\/a><\/p>\n<p><a href=\"http:\/\/support.mozilla.org\/sl\/kb\/Kako%20aktivirate%20in%20deaktivirate%20pi%C5%A1kote\">Firefox<\/a><\/p>\n<p><a href=\"http:\/\/windows.microsoft.com\/sl-si\/windows-vista\/block-or-allow-cookies\">Internet Explorer<\/a><\/p>\n<p><a href=\"http:\/\/www.opera.com\/help\/tutorials\/security\/privacy\/\">Opera<\/a><\/p>\n<p><a href=\"http:\/\/www.apple.com\/support\/safari\/\">Safari<\/a><\/p>\n<p>&nbsp;<\/p>\n","protected":false},"excerpt":{"rendered":"<p>Cookies are small text files used by websites to improve user experience. They actually enable saving your settings for a particular website, such as title, choice of language etc. Cookies allow the site to display information tailored to your needs. Information may only be stored if you provide your consent\u00a0\u2013 websites cannot gain access to [&hellip;]<\/p>\n","protected":false},"author":1,"featured_media":0,"parent":0,"menu_order":0,"comment_status":"closed","ping_status":"closed","template":"","meta":[],"yoast_head":"<!-- This site is optimized with the Yoast SEO plugin v17.2.1 - https:\/\/yoast.com\/wordpress\/plugins\/seo\/ -->\n<title>Cookies - Quickontrip<\/title>\n<meta name=\"robots\" content=\"index, follow, max-snippet:-1, max-image-preview:large, max-video-preview:-1\" \/>\n<link rel=\"canonical\" href=\"https:\/\/www.quickontrip.com\/en\/cookies\/\" \/>\n<meta property=\"og:locale\" content=\"en_US\" \/>\n<meta property=\"og:type\" content=\"article\" \/>\n<meta property=\"og:title\" content=\"Cookies - Quickontrip\" \/>\n<meta property=\"og:description\" content=\"Cookies are small text files used by websites to improve user experience. They actually enable saving your settings for a particular website, such as title, choice of language etc. Cookies allow the site to display information tailored to your needs. Information may only be stored if you provide your consent\u00a0\u2013 websites cannot gain access to [&hellip;]\" \/>\n<meta property=\"og:url\" content=\"https:\/\/www.quickontrip.com\/en\/cookies\/\" \/>\n<meta property=\"og:site_name\" content=\"Quickontrip\" \/>\n<meta property=\"article:modified_time\" content=\"2021-10-04T11:08:39+00:00\" \/>\n<meta name=\"twitter:card\" content=\"summary_large_image\" \/>\n<meta name=\"twitter:label1\" content=\"Est. reading time\" \/>\n\t<meta name=\"twitter:data1\" content=\"2 minutes\" \/>\n<script type=\"application\/ld+json\" class=\"yoast-schema-graph\">{\"@context\":\"https:\/\/schema.org\",\"@graph\":[{\"@type\":\"WebSite\",\"@id\":\"https:\/\/www.quickontrip.com\/#website\",\"url\":\"https:\/\/www.quickontrip.com\/\",\"name\":\"Quickontrip\",\"description\":\"\\u0160e eno spleti\\u0161\\u010de WordPress\",\"potentialAction\":[{\"@type\":\"SearchAction\",\"target\":{\"@type\":\"EntryPoint\",\"urlTemplate\":\"https:\/\/www.quickontrip.com\/?s={search_term_string}\"},\"query-input\":\"required name=search_term_string\"}],\"inLanguage\":\"en-US\"},{\"@type\":\"WebPage\",\"@id\":\"https:\/\/www.quickontrip.com\/en\/cookies\/#webpage\",\"url\":\"https:\/\/www.quickontrip.com\/en\/cookies\/\",\"name\":\"Cookies - Quickontrip\",\"isPartOf\":{\"@id\":\"https:\/\/www.quickontrip.com\/#website\"},\"datePublished\":\"2021-08-16T09:42:37+00:00\",\"dateModified\":\"2021-10-04T11:08:39+00:00\",\"breadcrumb\":{\"@id\":\"https:\/\/www.quickontrip.com\/en\/cookies\/#breadcrumb\"},\"inLanguage\":\"en-US\",\"potentialAction\":[{\"@type\":\"ReadAction\",\"target\":[\"https:\/\/www.quickontrip.com\/en\/cookies\/\"]}]},{\"@type\":\"BreadcrumbList\",\"@id\":\"https:\/\/www.quickontrip.com\/en\/cookies\/#breadcrumb\",\"itemListElement\":[{\"@type\":\"ListItem\",\"position\":1,\"name\":\"Home\",\"item\":\"https:\/\/www.quickontrip.com\/en\/\"},{\"@type\":\"ListItem\",\"position\":2,\"name\":\"Cookies\"}]}]}<\/script>\n<!-- \/ Yoast SEO plugin. -->","yoast_head_json":{"title":"Cookies - Quickontrip","robots":{"index":"index","follow":"follow","max-snippet":"max-snippet:-1","max-image-preview":"max-image-preview:large","max-video-preview":"max-video-preview:-1"},"canonical":"https:\/\/www.quickontrip.com\/en\/cookies\/","og_locale":"en_US","og_type":"article","og_title":"Cookies - Quickontrip","og_description":"Cookies are small text files used by websites to improve user experience. They actually enable saving your settings for a particular website, such as title, choice of language etc. Cookies allow the site to display information tailored to your needs. Information may only be stored if you provide your consent\u00a0\u2013 websites cannot gain access to [&hellip;]","og_url":"https:\/\/www.quickontrip.com\/en\/cookies\/","og_site_name":"Quickontrip","article_modified_time":"2021-10-04T11:08:39+00:00","twitter_card":"summary_large_image","twitter_misc":{"Est. reading time":"2 minutes"},"schema":{"@context":"https:\/\/schema.org","@graph":[{"@type":"WebSite","@id":"https:\/\/www.quickontrip.com\/#website","url":"https:\/\/www.quickontrip.com\/","name":"Quickontrip","description":"\u0160e eno spleti\u0161\u010de WordPress","potentialAction":[{"@type":"SearchAction","target":{"@type":"EntryPoint","urlTemplate":"https:\/\/www.quickontrip.com\/?s={search_term_string}"},"query-input":"required name=search_term_string"}],"inLanguage":"en-US"},{"@type":"WebPage","@id":"https:\/\/www.quickontrip.com\/en\/cookies\/#webpage","url":"https:\/\/www.quickontrip.com\/en\/cookies\/","name":"Cookies - Quickontrip","isPartOf":{"@id":"https:\/\/www.quickontrip.com\/#website"},"datePublished":"2021-08-16T09:42:37+00:00","dateModified":"2021-10-04T11:08:39+00:00","breadcrumb":{"@id":"https:\/\/www.quickontrip.com\/en\/cookies\/#breadcrumb"},"inLanguage":"en-US","potentialAction":[{"@type":"ReadAction","target":["https:\/\/www.quickontrip.com\/en\/cookies\/"]}]},{"@type":"BreadcrumbList","@id":"https:\/\/www.quickontrip.com\/en\/cookies\/#breadcrumb","itemListElement":[{"@type":"ListItem","position":1,"name":"Home","item":"https:\/\/www.quickontrip.com\/en\/"},{"@type":"ListItem","position":2,"name":"Cookies"}]}]}},"_links":{"self":[{"href":"https:\/\/www.quickontrip.com\/en\/wp-json\/wp\/v2\/pages\/325"}],"collection":[{"href":"https:\/\/www.quickontrip.com\/en\/wp-json\/wp\/v2\/pages"}],"about":[{"href":"https:\/\/www.quickontrip.com\/en\/wp-json\/wp\/v2\/types\/page"}],"author":[{"embeddable":true,"href":"https:\/\/www.quickontrip.com\/en\/wp-json\/wp\/v2\/users\/1"}],"replies":[{"embeddable":true,"href":"https:\/\/www.quickontrip.com\/en\/wp-json\/wp\/v2\/comments?post=325"}],"version-history":[{"count":4,"href":"https:\/\/www.quickontrip.com\/en\/wp-json\/wp\/v2\/pages\/325\/revisions"}],"predecessor-version":[{"id":366,"href":"https:\/\/www.quickontrip.com\/en\/wp-json\/wp\/v2\/pages\/325\/revisions\/366"}],"wp:attachment":[{"href":"https:\/\/www.quickontrip.com\/en\/wp-json\/wp\/v2\/media?parent=325"}],"curies":[{"name":"wp","href":"https:\/\/api.w.org\/{rel}","templated":true}]}}