{"id":331,"date":"2021-08-16T10:42:04","date_gmt":"2021-08-16T09:42:04","guid":{"rendered":"https:\/\/www.quickontrip.com\/pravila-poslovanja\/"},"modified":"2023-03-07T10:11:44","modified_gmt":"2023-03-07T09:11:44","slug":"advertising","status":"publish","type":"page","link":"https:\/\/www.quickontrip.com\/en\/advertising\/","title":{"rendered":"Advertising"},"content":{"rendered":"<p><strong>CENIK<\/strong><\/p>\n<p>Aplikacija <strong>quickontrip<\/strong> je digitalno orodje, ki uporabniku ponuja ideje za izlet po celotni Sloveniji. Ideje ali turisti\u010dni produkti so opremljeni z vsemi informacijami za brezskrben obisk destinacije. Vsaka <strong>turisti\u010dna to\u010dka se predstavi v sliki in besedah<\/strong>, ki uporabniku vizualno pribli\u017eajo destinacijo.<\/p>\n<p>Skrbno spremljamo novosti in skrbimo za a\u017eurnost podatkov. Uporabnik lahko poi\u0161\u010de turisti\u010dne to\u010dke po vseh regijah Slovenije in si sestavi izlet iz aktivnosti, ki so mu ljube. Ponudbi turisti\u010dnih to\u010dk smo dodali predloge namestitev ter ponudnikov kulinari\u010dnih dobrot. Ponudba zadovoljuje potrebe vseh generacij, od tistih, ki \u017eelijo svoj prosti \u010das pre\u017eiveti v spro\u0161\u010danju, do tistih, ki si \u017eelijo \u0161portnih aktivnosti.<\/p>\n<p>Aplikacija ponuja tudi turisti\u010dne to\u010dke z u\u010dno noto slovenske zgodovine in kulture. K soustvarjanju zgodbe vabimo vse ponudnike turisti\u010dnih storitev, ki si \u017eelijo, da jih vklu\u010dimo v mre\u017eo zanesljivih ponudnikov na globalni ravni.<\/p>\n<div class=\"page\" title=\"Page 3\">\n<div class=\"layoutArea\">\n<div class=\"column\">\n<p><strong>Ciljna skupina<\/strong><\/p>\n<p>Aplikacija quickontrip je namenjena vsem, ki \u017eelijo svoj prosti \u010das pre\u017eiveti kvalitetno znotraj Slovenije. Si \u017eelijo, da jih obve\u0161\u010damo o dogodkih in organiziranih dogodkih. Pokrivamo celotno starostno skupino in hkrati ponujamo dodatno ponudbo za izbrane skupine, kot so invalidi, mamice z vozi\u010dki in lastniki hi\u0161nih ljubljen\u010dkov.<\/p>\n<p>&nbsp;<\/p>\n<\/div>\n<\/div>\n<\/div>\n<table width=\"585\">\n<tbody>\n<tr>\n<td width=\"521\">Objava turisti\u010dnega produkt \/ namestitev \/ kulinarika<\/td>\n<td width=\"64\">350 eur<\/td>\n<\/tr>\n<tr>\n<td><\/td>\n<td><\/td>\n<\/tr>\n<tr>\n<td>Oglasna pasica HOME \/ mese\u010dno<\/td>\n<td>350 eur<\/td>\n<\/tr>\n<tr>\n<td>Dogodek \/ mese\u010dno<\/td>\n<td>50 eur<\/td>\n<\/tr>\n<tr>\n<td>Predlog za izlet (notificaton) \/teden<\/td>\n<td>250 eur<\/td>\n<\/tr>\n<tr>\n<td>Prevod vsebine za en oglas<\/td>\n<td>20 eur<\/td>\n<\/tr>\n<tr>\n<td>Paketna ponudba za tri objave<\/td>\n<td>550 eur<\/td>\n<\/tr>\n<tr>\n<td>Paketna ponudba (do 30 objav, 12 dogodkov, 10 podpornih objav)<\/td>\n<td>650 eur<\/td>\n<\/tr>\n<tr>\n<td>Paketna ponudba (do 50 objav, 24 dogodkov, 15 podpornih objav)<\/td>\n<td>850 eur<\/td>\n<\/tr>\n<\/tbody>\n<\/table>\n<p>*cene so brez DDV<br \/>\n*cene veljajo za letno ogla\u0161evanje<br \/>\n*brezpla\u010dna podpora naro\u010dnikom<\/p>\n<p><strong>PAKETI\u00a0<\/strong><\/p>\n<table style=\"border-collapse: collapse; width: 100%;\">\n<tbody>\n<tr>\n<td style=\"width: 24.9819%;\" width=\"306\">\n<table style=\"border-collapse: collapse; width: 100%;\">\n<tbody>\n<tr>\n<td style=\"width: 24.9819%;\" width=\"306\"><strong>Paket QUICK 50<\/strong><\/td>\n<\/tr>\n<\/tbody>\n<\/table>\n<\/td>\n<td style=\"width: 25%;\">\n<table style=\"border-collapse: collapse; width: 100%;\">\n<tbody>\n<tr>\n<td style=\"width: 100%;\"><strong>Paket QUICK 30<\/strong><\/td>\n<\/tr>\n<\/tbody>\n<\/table>\n<\/td>\n<td style=\"width: 25%;\">\n<table style=\"border-collapse: collapse; width: 100%;\">\n<tbody>\n<tr>\n<td style=\"width: 100%;\"><strong>Paket QUICK 10<\/strong><\/td>\n<\/tr>\n<\/tbody>\n<\/table>\n<\/td>\n<td style=\"width: 25%;\">\n<table style=\"border-collapse: collapse; width: 100%;\">\n<tbody>\n<tr>\n<td style=\"width: 100%;\"><strong>Paket QUICK 3<\/strong><\/td>\n<\/tr>\n<\/tbody>\n<\/table>\n<\/td>\n<\/tr>\n<tr>\n<td style=\"width: 24.9819%;\">Dogodki 24<\/td>\n<td style=\"width: 25%;\">Dogodki 12<\/td>\n<td style=\"width: 25%;\">Dogodki 5<\/td>\n<td style=\"width: 25%;\"><\/td>\n<\/tr>\n<tr>\n<td style=\"width: 24.9819%;\">CityLife PR 1 stran<\/td>\n<td style=\"width: 25%;\">CityLife PR 1\/2 strani<\/td>\n<td style=\"width: 25%;\">CityLife osmina (102&#215;60 mm)<\/td>\n<td style=\"width: 25%;\">CityLife osmina (102&#215;60 mm)<\/td>\n<\/tr>\n<tr>\n<td style=\"width: 24.9819%;\"><strong>Cena: 1250\u20ac<\/strong><\/td>\n<td style=\"width: 25%;\"><strong>Cena: 1050\u20ac \u00a0 \u00a0 \u00a0 \u00a0 \u00a0 \u00a0 \u00a0 \u00a0 \u00a0\u00a0<\/strong><\/td>\n<td style=\"width: 25%;\"><strong>Cena: 650\u20ac<\/strong><\/td>\n<td style=\"width: 25%;\"><strong>Cena: 350\u20ac \u00a0<\/strong><\/td>\n<\/tr>\n<\/tbody>\n<\/table>\n<table style=\"border-collapse: collapse; width: 100%;\">\n<tbody>\n<tr>\n<td style=\"width: 24.9819%;\">Prihranek: 1.900 \u20ac<\/td>\n<td style=\"width: 25%;\">Prihranek: 750 \u20ac<\/td>\n<td style=\"width: 25%;\">Prihranek: 500 \u20ac<\/td>\n<td style=\"width: 25%;\">Prihranek: 600 \u20ac<\/td>\n<\/tr>\n<\/tbody>\n<\/table>\n<p>*CityLife je revija o \u017eivljejskem slogu in idejami o potovanju. Revija izhaja 10x letno. Vse objave je potrebno predhodno napovedati vsaj mesec dni pred izidom, da se \u010dlanek uredni\u0161ko pregleda in uredi.<\/p>\n","protected":false},"excerpt":{"rendered":"<p>CENIK Aplikacija quickontrip je digitalno orodje, ki uporabniku ponuja ideje za izlet po celotni Sloveniji. Ideje ali turisti\u010dni produkti so opremljeni z vsemi informacijami za brezskrben obisk destinacije. Vsaka turisti\u010dna to\u010dka se predstavi v sliki in besedah, ki uporabniku vizualno pribli\u017eajo destinacijo. Skrbno spremljamo novosti in skrbimo za a\u017eurnost podatkov. Uporabnik lahko poi\u0161\u010de turisti\u010dne to\u010dke [&hellip;]<\/p>\n","protected":false},"author":1,"featured_media":0,"parent":0,"menu_order":0,"comment_status":"closed","ping_status":"closed","template":"","meta":[],"yoast_head":"<!-- This site is optimized with the Yoast SEO plugin v17.2.1 - https:\/\/yoast.com\/wordpress\/plugins\/seo\/ -->\n<title>Advertising - Quickontrip<\/title>\n<meta name=\"robots\" content=\"index, follow, max-snippet:-1, max-image-preview:large, max-video-preview:-1\" \/>\n<link rel=\"canonical\" href=\"https:\/\/www.quickontrip.com\/en\/advertising\/\" \/>\n<meta property=\"og:locale\" content=\"en_US\" \/>\n<meta property=\"og:type\" content=\"article\" \/>\n<meta property=\"og:title\" content=\"Advertising - Quickontrip\" \/>\n<meta property=\"og:description\" content=\"CENIK Aplikacija quickontrip je digitalno orodje, ki uporabniku ponuja ideje za izlet po celotni Sloveniji. Ideje ali turisti\u010dni produkti so opremljeni z vsemi informacijami za brezskrben obisk destinacije. Vsaka turisti\u010dna to\u010dka se predstavi v sliki in besedah, ki uporabniku vizualno pribli\u017eajo destinacijo. Skrbno spremljamo novosti in skrbimo za a\u017eurnost podatkov. Uporabnik lahko poi\u0161\u010de turisti\u010dne to\u010dke [&hellip;]\" \/>\n<meta property=\"og:url\" content=\"https:\/\/www.quickontrip.com\/en\/advertising\/\" \/>\n<meta property=\"og:site_name\" content=\"Quickontrip\" \/>\n<meta property=\"article:modified_time\" content=\"2023-03-07T09:11:44+00:00\" \/>\n<meta name=\"twitter:card\" content=\"summary_large_image\" \/>\n<meta name=\"twitter:label1\" content=\"Est. reading time\" \/>\n\t<meta name=\"twitter:data1\" content=\"2 minutes\" \/>\n<script type=\"application\/ld+json\" class=\"yoast-schema-graph\">{\"@context\":\"https:\/\/schema.org\",\"@graph\":[{\"@type\":\"WebSite\",\"@id\":\"https:\/\/www.quickontrip.com\/#website\",\"url\":\"https:\/\/www.quickontrip.com\/\",\"name\":\"Quickontrip\",\"description\":\"\\u0160e eno spleti\\u0161\\u010de WordPress\",\"potentialAction\":[{\"@type\":\"SearchAction\",\"target\":{\"@type\":\"EntryPoint\",\"urlTemplate\":\"https:\/\/www.quickontrip.com\/?s={search_term_string}\"},\"query-input\":\"required name=search_term_string\"}],\"inLanguage\":\"en-US\"},{\"@type\":\"WebPage\",\"@id\":\"https:\/\/www.quickontrip.com\/en\/advertising\/#webpage\",\"url\":\"https:\/\/www.quickontrip.com\/en\/advertising\/\",\"name\":\"Advertising - Quickontrip\",\"isPartOf\":{\"@id\":\"https:\/\/www.quickontrip.com\/#website\"},\"datePublished\":\"2021-08-16T09:42:04+00:00\",\"dateModified\":\"2023-03-07T09:11:44+00:00\",\"breadcrumb\":{\"@id\":\"https:\/\/www.quickontrip.com\/en\/advertising\/#breadcrumb\"},\"inLanguage\":\"en-US\",\"potentialAction\":[{\"@type\":\"ReadAction\",\"target\":[\"https:\/\/www.quickontrip.com\/en\/advertising\/\"]}]},{\"@type\":\"BreadcrumbList\",\"@id\":\"https:\/\/www.quickontrip.com\/en\/advertising\/#breadcrumb\",\"itemListElement\":[{\"@type\":\"ListItem\",\"position\":1,\"name\":\"Home\",\"item\":\"https:\/\/www.quickontrip.com\/en\/\"},{\"@type\":\"ListItem\",\"position\":2,\"name\":\"Advertising\"}]}]}<\/script>\n<!-- \/ Yoast SEO plugin. -->","yoast_head_json":{"title":"Advertising - Quickontrip","robots":{"index":"index","follow":"follow","max-snippet":"max-snippet:-1","max-image-preview":"max-image-preview:large","max-video-preview":"max-video-preview:-1"},"canonical":"https:\/\/www.quickontrip.com\/en\/advertising\/","og_locale":"en_US","og_type":"article","og_title":"Advertising - Quickontrip","og_description":"CENIK Aplikacija quickontrip je digitalno orodje, ki uporabniku ponuja ideje za izlet po celotni Sloveniji. Ideje ali turisti\u010dni produkti so opremljeni z vsemi informacijami za brezskrben obisk destinacije. Vsaka turisti\u010dna to\u010dka se predstavi v sliki in besedah, ki uporabniku vizualno pribli\u017eajo destinacijo. Skrbno spremljamo novosti in skrbimo za a\u017eurnost podatkov. Uporabnik lahko poi\u0161\u010de turisti\u010dne to\u010dke [&hellip;]","og_url":"https:\/\/www.quickontrip.com\/en\/advertising\/","og_site_name":"Quickontrip","article_modified_time":"2023-03-07T09:11:44+00:00","twitter_card":"summary_large_image","twitter_misc":{"Est. reading time":"2 minutes"},"schema":{"@context":"https:\/\/schema.org","@graph":[{"@type":"WebSite","@id":"https:\/\/www.quickontrip.com\/#website","url":"https:\/\/www.quickontrip.com\/","name":"Quickontrip","description":"\u0160e eno spleti\u0161\u010de WordPress","potentialAction":[{"@type":"SearchAction","target":{"@type":"EntryPoint","urlTemplate":"https:\/\/www.quickontrip.com\/?s={search_term_string}"},"query-input":"required name=search_term_string"}],"inLanguage":"en-US"},{"@type":"WebPage","@id":"https:\/\/www.quickontrip.com\/en\/advertising\/#webpage","url":"https:\/\/www.quickontrip.com\/en\/advertising\/","name":"Advertising - Quickontrip","isPartOf":{"@id":"https:\/\/www.quickontrip.com\/#website"},"datePublished":"2021-08-16T09:42:04+00:00","dateModified":"2023-03-07T09:11:44+00:00","breadcrumb":{"@id":"https:\/\/www.quickontrip.com\/en\/advertising\/#breadcrumb"},"inLanguage":"en-US","potentialAction":[{"@type":"ReadAction","target":["https:\/\/www.quickontrip.com\/en\/advertising\/"]}]},{"@type":"BreadcrumbList","@id":"https:\/\/www.quickontrip.com\/en\/advertising\/#breadcrumb","itemListElement":[{"@type":"ListItem","position":1,"name":"Home","item":"https:\/\/www.quickontrip.com\/en\/"},{"@type":"ListItem","position":2,"name":"Advertising"}]}]}},"_links":{"self":[{"href":"https:\/\/www.quickontrip.com\/en\/wp-json\/wp\/v2\/pages\/331"}],"collection":[{"href":"https:\/\/www.quickontrip.com\/en\/wp-json\/wp\/v2\/pages"}],"about":[{"href":"https:\/\/www.quickontrip.com\/en\/wp-json\/wp\/v2\/types\/page"}],"author":[{"embeddable":true,"href":"https:\/\/www.quickontrip.com\/en\/wp-json\/wp\/v2\/users\/1"}],"replies":[{"embeddable":true,"href":"https:\/\/www.quickontrip.com\/en\/wp-json\/wp\/v2\/comments?post=331"}],"version-history":[{"count":22,"href":"https:\/\/www.quickontrip.com\/en\/wp-json\/wp\/v2\/pages\/331\/revisions"}],"predecessor-version":[{"id":2013,"href":"https:\/\/www.quickontrip.com\/en\/wp-json\/wp\/v2\/pages\/331\/revisions\/2013"}],"wp:attachment":[{"href":"https:\/\/www.quickontrip.com\/en\/wp-json\/wp\/v2\/media?parent=331"}],"curies":[{"name":"wp","href":"https:\/\/api.w.org\/{rel}","templated":true}]}}